{"id":488,"date":"2024-07-12T04:46:11","date_gmt":"2024-07-12T04:46:11","guid":{"rendered":"https:\/\/i7digital.net\/?post_type=product&#038;p=488"},"modified":"2025-07-31T21:00:52","modified_gmt":"2025-07-31T21:00:52","slug":"facebook-ads","status":"publish","type":"product","link":"https:\/\/i7digital.net\/index.php\/producto\/facebook-ads\/","title":{"rendered":"Facebook Ads"},"content":{"rendered":"<p>Llega a clientes interesados en tu producto o servicio<\/p>\n<p>con anuncios efectivos, incluye lo siguiente:<\/p>\n<ul>\n<li>An\u00e1lisis inicial<\/li>\n<li>Segmentaci\u00f3n de un mercado objetivo<\/li>\n<li>Formato de propuesta de campa\u00f1a<\/li>\n<li>Lanzamiento y monitoreo de campa\u00f1a<\/li>\n<li>Duraci\u00f3n m\u00e1xima de 30 d\u00edas<\/li>\n<li>Un Agente asignado<\/li>\n<li>Reporte de resultados<\/li>\n<li>Inversi\u00f3n de campa\u00f1a no incluida<\/li>\n<\/ul>\n<p>Tiempo de entrega: 3 d\u00edas h\u00e1biles teniendo toda la informaci\u00f3n por parte del cliente.<\/p>\n","protected":false},"excerpt":{"rendered":"<p>Llega a clientes interesados en tu producto o servicio con anuncios efectivos, incluye lo siguiente: An\u00e1lisis inicial Segmentaci\u00f3n de un [&hellip;]<\/p>\n","protected":false},"featured_media":1709,"comment_status":"open","ping_status":"closed","template":"","meta":{"site-sidebar-layout":"default","site-content-layout":"","ast-site-content-layout":"default","site-content-style":"default","site-sidebar-style":"default","ast-global-header-display":"","ast-banner-title-visibility":"","ast-main-header-display":"","ast-hfb-above-header-display":"","ast-hfb-below-header-display":"","ast-hfb-mobile-header-display":"","site-post-title":"","ast-breadcrumbs-content":"","ast-featured-img":"","footer-sml-layout":"","theme-transparent-header-meta":"default","adv-header-id-meta":"","stick-header-meta":"","header-above-stick-meta":"","header-main-stick-meta":"","header-below-stick-meta":"","astra-migrate-meta-layouts":"set","ast-page-background-enabled":"default","ast-page-background-meta":{"desktop":{"background-color":"var(--ast-global-color-4)","background-image":"","background-repeat":"repeat","background-position":"center center","background-size":"auto","background-attachment":"scroll","background-type":"","background-media":"","overlay-type":"","overlay-color":"","overlay-opacity":"","overlay-gradient":""},"tablet":{"background-color":"","background-image":"","background-repeat":"repeat","background-position":"center center","background-size":"auto","background-attachment":"scroll","background-type":"","background-media":"","overlay-type":"","overlay-color":"","overlay-opacity":"","overlay-gradient":""},"mobile":{"background-color":"","background-image":"","background-repeat":"repeat","background-position":"center center","background-size":"auto","background-attachment":"scroll","background-type":"","background-media":"","overlay-type":"","overlay-color":"","overlay-opacity":"","overlay-gradient":""}},"ast-content-background-meta":{"desktop":{"background-color":"var(--ast-global-color-5)","background-image":"","background-repeat":"repeat","background-position":"center center","background-size":"auto","background-attachment":"scroll","background-type":"","background-media":"","overlay-type":"","overlay-color":"","overlay-opacity":"","overlay-gradient":""},"tablet":{"background-color":"var(--ast-global-color-5)","background-image":"","background-repeat":"repeat","background-position":"center center","background-size":"auto","background-attachment":"scroll","background-type":"","background-media":"","overlay-type":"","overlay-color":"","overlay-opacity":"","overlay-gradient":""},"mobile":{"background-color":"var(--ast-global-color-5)","background-image":"","background-repeat":"repeat","background-position":"center center","background-size":"auto","background-attachment":"scroll","background-type":"","background-media":"","overlay-type":"","overlay-color":"","overlay-opacity":"","overlay-gradient":""}}},"product_brand":[],"product_cat":[29],"product_tag":[],"class_list":{"0":"post-488","1":"product","2":"type-product","3":"status-publish","4":"has-post-thumbnail","6":"product_cat-campanas-social-media","7":"desktop-align-center","8":"tablet-align-left","9":"mobile-align-left","11":"first","12":"instock","13":"virtual","14":"purchasable","15":"product-type-simple"},"_links":{"self":[{"href":"https:\/\/i7digital.net\/index.php\/wp-json\/wp\/v2\/product\/488","targetHints":{"allow":["GET"]}}],"collection":[{"href":"https:\/\/i7digital.net\/index.php\/wp-json\/wp\/v2\/product"}],"about":[{"href":"https:\/\/i7digital.net\/index.php\/wp-json\/wp\/v2\/types\/product"}],"replies":[{"embeddable":true,"href":"https:\/\/i7digital.net\/index.php\/wp-json\/wp\/v2\/comments?post=488"}],"wp:featuredmedia":[{"embeddable":true,"href":"https:\/\/i7digital.net\/index.php\/wp-json\/wp\/v2\/media\/1709"}],"wp:attachment":[{"href":"https:\/\/i7digital.net\/index.php\/wp-json\/wp\/v2\/media?parent=488"}],"wp:term":[{"taxonomy":"product_brand","embeddable":true,"href":"https:\/\/i7digital.net\/index.php\/wp-json\/wp\/v2\/product_brand?post=488"},{"taxonomy":"product_cat","embeddable":true,"href":"https:\/\/i7digital.net\/index.php\/wp-json\/wp\/v2\/product_cat?post=488"},{"taxonomy":"product_tag","embeddable":true,"href":"https:\/\/i7digital.net\/index.php\/wp-json\/wp\/v2\/product_tag?post=488"}],"curies":[{"name":"wp","href":"https:\/\/api.w.org\/{rel}","templated":true}]}}