{"id":485,"date":"2024-07-12T04:46:11","date_gmt":"2024-07-12T04:46:11","guid":{"rendered":"https:\/\/i7digital.net\/?post_type=product&#038;p=485"},"modified":"2025-07-31T21:18:28","modified_gmt":"2025-07-31T21:18:28","slug":"google-search","status":"publish","type":"product","link":"https:\/\/i7digital.net\/index.php\/producto\/google-search\/","title":{"rendered":"Google Search"},"content":{"rendered":"<p>\u00bfTienes un sitio web seguro y quieres llevar m\u00e1s personas a \u00e9l?<br \/>\nPosici\u00f3nate dentro de los primeros resultados de b\u00fasqueda. Llega a clientes interesados en tu producto o servicio con anuncios de texto.<\/p>\n<p>An\u00e1lisis inicial<\/p>\n<ul>\n<li>\u00a0B\u00fasqueda y selecci\u00f3n de palabras clave<\/li>\n<li>\u00a0Segmentaci\u00f3n de un mercado objetivo<\/li>\n<li>Formato de propuesta de campa\u00f1a<\/li>\n<li>Lanzamiento y monitoreo de campa\u00f1a<\/li>\n<li>Duraci\u00f3n m\u00e1xima de 30 d\u00edas<\/li>\n<li>Un Agente asignado<\/li>\n<li>Reporte de resultados<\/li>\n<li>Inversi\u00f3n de campa\u00f1a no incluida<\/li>\n<\/ul>\n","protected":false},"excerpt":{"rendered":"<p>\u00bfTienes un sitio web seguro y quieres llevar m\u00e1s personas a \u00e9l? Posici\u00f3nate dentro de los primeros resultados de b\u00fasqueda. [&hellip;]<\/p>\n","protected":false},"featured_media":1704,"comment_status":"open","ping_status":"closed","template":"","meta":{"site-sidebar-layout":"default","site-content-layout":"","ast-site-content-layout":"default","site-content-style":"default","site-sidebar-style":"default","ast-global-header-display":"","ast-banner-title-visibility":"","ast-main-header-display":"","ast-hfb-above-header-display":"","ast-hfb-below-header-display":"","ast-hfb-mobile-header-display":"","site-post-title":"","ast-breadcrumbs-content":"","ast-featured-img":"","footer-sml-layout":"","theme-transparent-header-meta":"default","adv-header-id-meta":"","stick-header-meta":"","header-above-stick-meta":"","header-main-stick-meta":"","header-below-stick-meta":"","astra-migrate-meta-layouts":"set","ast-page-background-enabled":"default","ast-page-background-meta":{"desktop":{"background-color":"var(--ast-global-color-4)","background-image":"","background-repeat":"repeat","background-position":"center center","background-size":"auto","background-attachment":"scroll","background-type":"","background-media":"","overlay-type":"","overlay-color":"","overlay-opacity":"","overlay-gradient":""},"tablet":{"background-color":"","background-image":"","background-repeat":"repeat","background-position":"center center","background-size":"auto","background-attachment":"scroll","background-type":"","background-media":"","overlay-type":"","overlay-color":"","overlay-opacity":"","overlay-gradient":""},"mobile":{"background-color":"","background-image":"","background-repeat":"repeat","background-position":"center center","background-size":"auto","background-attachment":"scroll","background-type":"","background-media":"","overlay-type":"","overlay-color":"","overlay-opacity":"","overlay-gradient":""}},"ast-content-background-meta":{"desktop":{"background-color":"var(--ast-global-color-5)","background-image":"","background-repeat":"repeat","background-position":"center center","background-size":"auto","background-attachment":"scroll","background-type":"","background-media":"","overlay-type":"","overlay-color":"","overlay-opacity":"","overlay-gradient":""},"tablet":{"background-color":"var(--ast-global-color-5)","background-image":"","background-repeat":"repeat","background-position":"center center","background-size":"auto","background-attachment":"scroll","background-type":"","background-media":"","overlay-type":"","overlay-color":"","overlay-opacity":"","overlay-gradient":""},"mobile":{"background-color":"var(--ast-global-color-5)","background-image":"","background-repeat":"repeat","background-position":"center center","background-size":"auto","background-attachment":"scroll","background-type":"","background-media":"","overlay-type":"","overlay-color":"","overlay-opacity":"","overlay-gradient":""}}},"product_brand":[],"product_cat":[28],"product_tag":[],"class_list":{"0":"post-485","1":"product","2":"type-product","3":"status-publish","4":"has-post-thumbnail","6":"product_cat-google-ads","7":"desktop-align-center","8":"tablet-align-left","9":"mobile-align-left","11":"first","12":"instock","13":"virtual","14":"purchasable","15":"product-type-simple"},"_links":{"self":[{"href":"https:\/\/i7digital.net\/index.php\/wp-json\/wp\/v2\/product\/485","targetHints":{"allow":["GET"]}}],"collection":[{"href":"https:\/\/i7digital.net\/index.php\/wp-json\/wp\/v2\/product"}],"about":[{"href":"https:\/\/i7digital.net\/index.php\/wp-json\/wp\/v2\/types\/product"}],"replies":[{"embeddable":true,"href":"https:\/\/i7digital.net\/index.php\/wp-json\/wp\/v2\/comments?post=485"}],"wp:featuredmedia":[{"embeddable":true,"href":"https:\/\/i7digital.net\/index.php\/wp-json\/wp\/v2\/media\/1704"}],"wp:attachment":[{"href":"https:\/\/i7digital.net\/index.php\/wp-json\/wp\/v2\/media?parent=485"}],"wp:term":[{"taxonomy":"product_brand","embeddable":true,"href":"https:\/\/i7digital.net\/index.php\/wp-json\/wp\/v2\/product_brand?post=485"},{"taxonomy":"product_cat","embeddable":true,"href":"https:\/\/i7digital.net\/index.php\/wp-json\/wp\/v2\/product_cat?post=485"},{"taxonomy":"product_tag","embeddable":true,"href":"https:\/\/i7digital.net\/index.php\/wp-json\/wp\/v2\/product_tag?post=485"}],"curies":[{"name":"wp","href":"https:\/\/api.w.org\/{rel}","templated":true}]}}