{"id":447,"date":"2024-07-12T04:46:02","date_gmt":"2024-07-12T04:46:02","guid":{"rendered":"https:\/\/i7digital.net\/?post_type=product&#038;p=447"},"modified":"2025-07-31T21:15:47","modified_gmt":"2025-07-31T21:15:47","slug":"diseno-de-marca","status":"publish","type":"product","link":"https:\/\/i7digital.net\/index.php\/producto\/diseno-de-marca\/","title":{"rendered":"Dise\u00f1o de Marca"},"content":{"rendered":"<h4><strong>Caracter\u00edsticas de producto:<br \/>\n<\/strong><\/h4>\n<ul>\n<li><strong>Logotipo<\/strong>\u00a0de tu\u00a0<strong>marca<\/strong>\u00a0en formato png y vectores o en el formato que lo necesites<\/li>\n<li><strong>Manual de Identidad<\/strong>\u00a0corporativa, con las\u00a0<strong>instrucciones<\/strong>\u00a0de c\u00f3mo utilizar tu logotipo en diferentes formatos y presentaciones<\/li>\n<li><strong>Paleta de colores<\/strong>. Te entregamos tu paleta de colores corporativos para utilizar en\u00a0<strong>tu marca<\/strong><\/li>\n<li><strong>Usos y presentaciones<\/strong>. Te incluimos una\u00a0<strong>presentaci\u00f3n digital<\/strong> mostrando la implementaci\u00f3n de tu logotipo en diferentes materiales.<\/li>\n<\/ul>\n<h5><strong>Etapa 1 Desarrollo de 3 propuestas de logotipo\u00a0 \u00a0 \u00a0 5 a 7 d\u00edas h\u00e1biles.<\/strong><\/h5>\n<p><strong>Presentaci\u00f3n PDF<\/strong><br \/>\nUna presentaci\u00f3n en PDF con las 3 propuestas de dise\u00f1o de logotipo ser\u00e1 enviado a tu correo electr\u00f3nico. De las 3 propuestas presentadas debes seleccionar una para que sea tu marca final, en caso de requerir cambios cuentas con 1 ronda sobre una propuesta de las 3 presentadas. En caso de requerir rondas de cambios adicionales o una cuarta propuesta de logotipo ser\u00e1 con un costo extra<\/p>\n<h5>Etapa 2 Entrega de logotipo (una vez autorizado) \u00a03 d\u00edas h\u00e1biles<\/h5>\n<p><strong>Entrega de logotipo<\/strong><br \/>\nUna vez que autorices el logotipo final se inicia la preparaci\u00f3n de todo el material de apoyo de la marca, lo que comprende de:<br \/>\n\u2022 Manual de identidad corporativa<br \/>\n\u2022 Logotipo formato editable<br \/>\n\u2022 Logotipo formato JPG<br \/>\n\u2022 Logotipo formato PNG<br \/>\n\u2022 Tipograf\u00edas<br \/>\nNota: La preparaci\u00f3n del material consta de 3 d\u00edas h\u00e1biles una vez autorices el logotipo final.<\/p>\n","protected":false},"excerpt":{"rendered":"<p>Caracter\u00edsticas de producto: Logotipo\u00a0de tu\u00a0marca\u00a0en formato png y vectores o en el formato que lo necesites Manual de Identidad\u00a0corporativa, con [&hellip;]<\/p>\n","protected":false},"featured_media":1717,"comment_status":"open","ping_status":"closed","template":"","meta":{"site-sidebar-layout":"default","site-content-layout":"","ast-site-content-layout":"default","site-content-style":"default","site-sidebar-style":"default","ast-global-header-display":"","ast-banner-title-visibility":"","ast-main-header-display":"","ast-hfb-above-header-display":"","ast-hfb-below-header-display":"","ast-hfb-mobile-header-display":"","site-post-title":"","ast-breadcrumbs-content":"","ast-featured-img":"","footer-sml-layout":"","theme-transparent-header-meta":"default","adv-header-id-meta":"","stick-header-meta":"","header-above-stick-meta":"","header-main-stick-meta":"","header-below-stick-meta":"","astra-migrate-meta-layouts":"set","ast-page-background-enabled":"default","ast-page-background-meta":{"desktop":{"background-color":"var(--ast-global-color-4)","background-image":"","background-repeat":"repeat","background-position":"center center","background-size":"auto","background-attachment":"scroll","background-type":"","background-media":"","overlay-type":"","overlay-color":"","overlay-opacity":"","overlay-gradient":""},"tablet":{"background-color":"","background-image":"","background-repeat":"repeat","background-position":"center center","background-size":"auto","background-attachment":"scroll","background-type":"","background-media":"","overlay-type":"","overlay-color":"","overlay-opacity":"","overlay-gradient":""},"mobile":{"background-color":"","background-image":"","background-repeat":"repeat","background-position":"center center","background-size":"auto","background-attachment":"scroll","background-type":"","background-media":"","overlay-type":"","overlay-color":"","overlay-opacity":"","overlay-gradient":""}},"ast-content-background-meta":{"desktop":{"background-color":"var(--ast-global-color-5)","background-image":"","background-repeat":"repeat","background-position":"center center","background-size":"auto","background-attachment":"scroll","background-type":"","background-media":"","overlay-type":"","overlay-color":"","overlay-opacity":"","overlay-gradient":""},"tablet":{"background-color":"var(--ast-global-color-5)","background-image":"","background-repeat":"repeat","background-position":"center center","background-size":"auto","background-attachment":"scroll","background-type":"","background-media":"","overlay-type":"","overlay-color":"","overlay-opacity":"","overlay-gradient":""},"mobile":{"background-color":"var(--ast-global-color-5)","background-image":"","background-repeat":"repeat","background-position":"center center","background-size":"auto","background-attachment":"scroll","background-type":"","background-media":"","overlay-type":"","overlay-color":"","overlay-opacity":"","overlay-gradient":""}}},"product_brand":[],"product_cat":[24],"product_tag":[],"class_list":{"0":"post-447","1":"product","2":"type-product","3":"status-publish","4":"has-post-thumbnail","6":"product_cat-diseno-de-marca","7":"desktop-align-center","8":"tablet-align-left","9":"mobile-align-left","11":"first","12":"instock","13":"virtual","14":"purchasable","15":"product-type-simple"},"_links":{"self":[{"href":"https:\/\/i7digital.net\/index.php\/wp-json\/wp\/v2\/product\/447","targetHints":{"allow":["GET"]}}],"collection":[{"href":"https:\/\/i7digital.net\/index.php\/wp-json\/wp\/v2\/product"}],"about":[{"href":"https:\/\/i7digital.net\/index.php\/wp-json\/wp\/v2\/types\/product"}],"replies":[{"embeddable":true,"href":"https:\/\/i7digital.net\/index.php\/wp-json\/wp\/v2\/comments?post=447"}],"wp:featuredmedia":[{"embeddable":true,"href":"https:\/\/i7digital.net\/index.php\/wp-json\/wp\/v2\/media\/1717"}],"wp:attachment":[{"href":"https:\/\/i7digital.net\/index.php\/wp-json\/wp\/v2\/media?parent=447"}],"wp:term":[{"taxonomy":"product_brand","embeddable":true,"href":"https:\/\/i7digital.net\/index.php\/wp-json\/wp\/v2\/product_brand?post=447"},{"taxonomy":"product_cat","embeddable":true,"href":"https:\/\/i7digital.net\/index.php\/wp-json\/wp\/v2\/product_cat?post=447"},{"taxonomy":"product_tag","embeddable":true,"href":"https:\/\/i7digital.net\/index.php\/wp-json\/wp\/v2\/product_tag?post=447"}],"curies":[{"name":"wp","href":"https:\/\/api.w.org\/{rel}","templated":true}]}}