{"id":443,"date":"2024-07-12T04:46:02","date_gmt":"2024-07-12T04:46:02","guid":{"rendered":"https:\/\/i7digital.net\/?post_type=product&#038;p=443"},"modified":"2025-08-06T22:19:20","modified_gmt":"2025-08-06T22:19:20","slug":"plan-indispensable-revision","status":"publish","type":"product","link":"https:\/\/i7digital.net\/index.php\/producto\/plan-indispensable-revision\/","title":{"rendered":"Indispensable+ Revisi\u00f3n"},"content":{"rendered":"<h4><strong>Caracter\u00edsticas de producto:<\/strong><\/h4>\n<ul>\n<li><strong>Dos redes sociales<\/strong>\u00a0a elegir: Facebook, Twitter, Instagram, LinkedIn, Pinterest o Google my Business<\/li>\n<li>Dise\u00f1o en\u00a0<strong>fotos<\/strong>\u00a0y\u00a0<strong>videos<\/strong>\u00a0(Plataforma de dise\u00f1o\u00a0<strong>Canva<\/strong>)<\/li>\n<li><strong>Respuesta<\/strong>\u00a0y\u00a0<strong>seguimiento<\/strong>\u00a0a comentarios e inbox.\u00a0(Lun a Vier de 9:00 a 17:00 hrs. GTM-6)<\/li>\n<li><strong>Reporte<\/strong>\u00a0mensual de\u00a0<strong>crecimiento<\/strong><\/li>\n<li><strong>Dos propuestas<\/strong>\u00a0mensuales para\u00a0<strong>campa\u00f1as<\/strong>\u00a0pagadas<\/li>\n<li>Un\u00a0<strong>Agente<\/strong>\u00a0asignado a tu negocio<br \/>\n<h4><strong>Complemento de Revisi\u00f3n:\u00a0<\/strong><\/h4>\n<\/li>\n<li>Se env\u00edan los post uno por d\u00eda, la hora l\u00edmite de revisi\u00f3n y correcciones es a las 3 pm GTM-6, si no hay correcciones se publica<\/li>\n<li>Los dise\u00f1os para la revisi\u00f3n se mandan con marca blanca, una vez aprobados se publican sin marca de agua. Ver t\u00e9rminos y condiciones generales<\/li>\n<li>TikTok no aplica (si desea revisar tiktoks, ver paquetes de videomarketing)<\/li>\n<\/ul>\n<p><strong>\u00a0 \u00a0 \u00a0 \u00a0 \u00a0Caracter\u00edsticas de Redes Sociales:<\/strong><\/p>\n<ul>\n<li>Instagram y FB de 15 dise\u00f1os en el mes<\/li>\n<li>LinkedIn y Twitter de 15 dise\u00f1os en el mes<\/li>\n<li>Pinterest y Google my business de 15 dise\u00f1os en el mes<\/li>\n<\/ul>\n","protected":false},"excerpt":{"rendered":"<p>Caracter\u00edsticas de producto: Dos redes sociales\u00a0a elegir: Facebook, Twitter, Instagram, LinkedIn, Pinterest o Google my Business Dise\u00f1o en\u00a0fotos\u00a0y\u00a0videos\u00a0(Plataforma de dise\u00f1o\u00a0Canva) [&hellip;]<\/p>\n","protected":false},"featured_media":1696,"comment_status":"open","ping_status":"closed","template":"","meta":{"site-sidebar-layout":"default","site-content-layout":"","ast-site-content-layout":"default","site-content-style":"default","site-sidebar-style":"default","ast-global-header-display":"","ast-banner-title-visibility":"","ast-main-header-display":"","ast-hfb-above-header-display":"","ast-hfb-below-header-display":"","ast-hfb-mobile-header-display":"","site-post-title":"","ast-breadcrumbs-content":"","ast-featured-img":"","footer-sml-layout":"","theme-transparent-header-meta":"default","adv-header-id-meta":"","stick-header-meta":"","header-above-stick-meta":"","header-main-stick-meta":"","header-below-stick-meta":"","astra-migrate-meta-layouts":"set","ast-page-background-enabled":"default","ast-page-background-meta":{"desktop":{"background-color":"var(--ast-global-color-4)","background-image":"","background-repeat":"repeat","background-position":"center center","background-size":"auto","background-attachment":"scroll","background-type":"","background-media":"","overlay-type":"","overlay-color":"","overlay-opacity":"","overlay-gradient":""},"tablet":{"background-color":"","background-image":"","background-repeat":"repeat","background-position":"center center","background-size":"auto","background-attachment":"scroll","background-type":"","background-media":"","overlay-type":"","overlay-color":"","overlay-opacity":"","overlay-gradient":""},"mobile":{"background-color":"","background-image":"","background-repeat":"repeat","background-position":"center center","background-size":"auto","background-attachment":"scroll","background-type":"","background-media":"","overlay-type":"","overlay-color":"","overlay-opacity":"","overlay-gradient":""}},"ast-content-background-meta":{"desktop":{"background-color":"var(--ast-global-color-5)","background-image":"","background-repeat":"repeat","background-position":"center center","background-size":"auto","background-attachment":"scroll","background-type":"","background-media":"","overlay-type":"","overlay-color":"","overlay-opacity":"","overlay-gradient":""},"tablet":{"background-color":"var(--ast-global-color-5)","background-image":"","background-repeat":"repeat","background-position":"center center","background-size":"auto","background-attachment":"scroll","background-type":"","background-media":"","overlay-type":"","overlay-color":"","overlay-opacity":"","overlay-gradient":""},"mobile":{"background-color":"var(--ast-global-color-5)","background-image":"","background-repeat":"repeat","background-position":"center center","background-size":"auto","background-attachment":"scroll","background-type":"","background-media":"","overlay-type":"","overlay-color":"","overlay-opacity":"","overlay-gradient":""}}},"product_brand":[],"product_cat":[23,29,26,24,25,28,27],"product_tag":[],"class_list":{"0":"post-443","1":"product","2":"type-product","3":"status-publish","4":"has-post-thumbnail","6":"product_cat-administracion-de-redes-sociales","7":"product_cat-campanas-social-media","8":"product_cat-desarrollo-web","9":"product_cat-diseno-de-marca","10":"product_cat-diseno-grafico","11":"product_cat-google-ads","12":"product_cat-video-marketing","13":"desktop-align-center","14":"tablet-align-left","15":"mobile-align-left","17":"first","18":"instock","19":"virtual","20":"purchasable","21":"product-type-simple"},"_links":{"self":[{"href":"https:\/\/i7digital.net\/index.php\/wp-json\/wp\/v2\/product\/443","targetHints":{"allow":["GET"]}}],"collection":[{"href":"https:\/\/i7digital.net\/index.php\/wp-json\/wp\/v2\/product"}],"about":[{"href":"https:\/\/i7digital.net\/index.php\/wp-json\/wp\/v2\/types\/product"}],"replies":[{"embeddable":true,"href":"https:\/\/i7digital.net\/index.php\/wp-json\/wp\/v2\/comments?post=443"}],"wp:featuredmedia":[{"embeddable":true,"href":"https:\/\/i7digital.net\/index.php\/wp-json\/wp\/v2\/media\/1696"}],"wp:attachment":[{"href":"https:\/\/i7digital.net\/index.php\/wp-json\/wp\/v2\/media?parent=443"}],"wp:term":[{"taxonomy":"product_brand","embeddable":true,"href":"https:\/\/i7digital.net\/index.php\/wp-json\/wp\/v2\/product_brand?post=443"},{"taxonomy":"product_cat","embeddable":true,"href":"https:\/\/i7digital.net\/index.php\/wp-json\/wp\/v2\/product_cat?post=443"},{"taxonomy":"product_tag","embeddable":true,"href":"https:\/\/i7digital.net\/index.php\/wp-json\/wp\/v2\/product_tag?post=443"}],"curies":[{"name":"wp","href":"https:\/\/api.w.org\/{rel}","templated":true}]}}