{"id":179,"date":"2024-07-11T19:18:29","date_gmt":"2024-07-11T19:18:29","guid":{"rendered":"https:\/\/i7digital.net\/index.php\/nosotros\/"},"modified":"2025-07-31T19:38:50","modified_gmt":"2025-07-31T19:38:50","slug":"nosotros","status":"publish","type":"page","link":"https:\/\/i7digital.net\/index.php\/nosotros\/","title":{"rendered":"Nosotros"},"content":{"rendered":"\t\t<div data-elementor-type=\"wp-page\" data-elementor-id=\"179\" class=\"elementor elementor-179\" data-elementor-post-type=\"page\">\n\t\t\t\t\t\t<section class=\"elementor-section elementor-top-section elementor-element elementor-element-5e6ab0b9 elementor-section-height-min-height elementor-section-boxed elementor-section-height-default elementor-section-items-middle\" data-id=\"5e6ab0b9\" data-element_type=\"section\" data-settings=\"{&quot;background_background&quot;:&quot;classic&quot;}\">\n\t\t\t\t\t\t\t<div class=\"elementor-background-overlay\"><\/div>\n\t\t\t\t\t\t\t<div class=\"elementor-container elementor-column-gap-default\">\n\t\t\t\t\t<div class=\"elementor-column elementor-col-50 elementor-top-column elementor-element elementor-element-252c0101\" data-id=\"252c0101\" data-element_type=\"column\">\n\t\t\t<div class=\"elementor-widget-wrap elementor-element-populated\">\n\t\t\t\t\t\t<div class=\"elementor-element elementor-element-32ce8de6 de_scroll_animation_no elementor-invisible elementor-widget elementor-widget-heading\" data-id=\"32ce8de6\" data-element_type=\"widget\" data-settings=\"{&quot;_animation&quot;:&quot;fadeInUp&quot;}\" data-widget_type=\"heading.default\">\n\t\t\t\t<div class=\"elementor-widget-container\">\n\t\t\t\t\t<h2 class=\"elementor-heading-title elementor-size-default\">i7 Digital<\/h2>\t\t\t\t<\/div>\n\t\t\t\t<\/div>\n\t\t\t\t<div class=\"elementor-element elementor-element-1f83e306 de_scroll_animation_no elementor-widget elementor-widget-text-editor\" data-id=\"1f83e306\" data-element_type=\"widget\" data-widget_type=\"text-editor.default\">\n\t\t\t\t<div class=\"elementor-widget-container\">\n\t\t\t\t\t\t\t\t\t<p>En cada proyecto, no buscamos impresionar. Buscamos construir. Relaciones con visi\u00f3n, trabajo con prop\u00f3sito y resultados que hablan por s\u00ed solos. Creemos que el crecimiento real solo ocurre cuando hay confianza, claridad y compromiso compartido.<\/p>\t\t\t\t\t\t\t\t<\/div>\n\t\t\t\t<\/div>\n\t\t\t\t\t<\/div>\n\t\t<\/div>\n\t\t\t\t<div class=\"elementor-column elementor-col-50 elementor-top-column elementor-element elementor-element-47e0e00b\" data-id=\"47e0e00b\" data-element_type=\"column\">\n\t\t\t<div class=\"elementor-widget-wrap elementor-element-populated\">\n\t\t\t\t\t\t<div class=\"elementor-element elementor-element-5e00b25c de_scroll_animation_no elementor-widget elementor-widget-image\" data-id=\"5e00b25c\" data-element_type=\"widget\" data-widget_type=\"image.default\">\n\t\t\t\t<div class=\"elementor-widget-container\">\n\t\t\t\t\t\t\t\t\t\t\t\t\t\t\t<img fetchpriority=\"high\" decoding=\"async\" width=\"1024\" height=\"1024\" src=\"https:\/\/i7digital.net\/wp-content\/uploads\/2025\/07\/NOSOTROS2.IMG_-1024x1024.png\" class=\"attachment-large size-large wp-image-1521\" alt=\"\" srcset=\"https:\/\/i7digital.net\/wp-content\/uploads\/2025\/07\/NOSOTROS2.IMG_-1024x1024.png 1024w, https:\/\/i7digital.net\/wp-content\/uploads\/2025\/07\/NOSOTROS2.IMG_-300x300.png 300w, https:\/\/i7digital.net\/wp-content\/uploads\/2025\/07\/NOSOTROS2.IMG_-150x150.png 150w, https:\/\/i7digital.net\/wp-content\/uploads\/2025\/07\/NOSOTROS2.IMG_-768x768.png 768w, https:\/\/i7digital.net\/wp-content\/uploads\/2025\/07\/NOSOTROS2.IMG_-600x600.png 600w, https:\/\/i7digital.net\/wp-content\/uploads\/2025\/07\/NOSOTROS2.IMG_-100x100.png 100w, https:\/\/i7digital.net\/wp-content\/uploads\/2025\/07\/NOSOTROS2.IMG_.png 1080w\" sizes=\"(max-width: 1024px) 100vw, 1024px\" \/>\t\t\t\t\t\t\t\t\t\t\t\t\t\t\t<\/div>\n\t\t\t\t<\/div>\n\t\t\t\t\t<\/div>\n\t\t<\/div>\n\t\t\t\t\t<\/div>\n\t\t<\/section>\n\t\t\t\t<section class=\"elementor-section elementor-top-section elementor-element elementor-element-3c71b80 elementor-reverse-mobile elementor-reverse-tablet elementor-section-boxed elementor-section-height-default elementor-section-height-default\" data-id=\"3c71b80\" data-element_type=\"section\" data-settings=\"{&quot;background_background&quot;:&quot;classic&quot;}\">\n\t\t\t\t\t\t<div class=\"elementor-container elementor-column-gap-default\">\n\t\t\t\t\t<div class=\"elementor-column elementor-col-50 elementor-top-column elementor-element elementor-element-1751ee72\" data-id=\"1751ee72\" data-element_type=\"column\" data-settings=\"{&quot;background_background&quot;:&quot;classic&quot;}\">\n\t\t\t<div class=\"elementor-widget-wrap elementor-element-populated\">\n\t\t\t\t\t\t<div class=\"elementor-element elementor-element-2d9b1501 de_scroll_animation_no elementor-widget elementor-widget-image\" data-id=\"2d9b1501\" data-element_type=\"widget\" data-widget_type=\"image.default\">\n\t\t\t\t<div class=\"elementor-widget-container\">\n\t\t\t\t\t\t\t\t\t\t\t\t\t\t\t<img decoding=\"async\" width=\"1024\" height=\"1024\" src=\"https:\/\/i7digital.net\/wp-content\/uploads\/2025\/07\/NOSOTROS.IMG_-1-1024x1024.png\" class=\"attachment-large size-large wp-image-1511\" alt=\"\" srcset=\"https:\/\/i7digital.net\/wp-content\/uploads\/2025\/07\/NOSOTROS.IMG_-1-1024x1024.png 1024w, https:\/\/i7digital.net\/wp-content\/uploads\/2025\/07\/NOSOTROS.IMG_-1-300x300.png 300w, https:\/\/i7digital.net\/wp-content\/uploads\/2025\/07\/NOSOTROS.IMG_-1-150x150.png 150w, https:\/\/i7digital.net\/wp-content\/uploads\/2025\/07\/NOSOTROS.IMG_-1-768x768.png 768w, https:\/\/i7digital.net\/wp-content\/uploads\/2025\/07\/NOSOTROS.IMG_-1-600x600.png 600w, https:\/\/i7digital.net\/wp-content\/uploads\/2025\/07\/NOSOTROS.IMG_-1-100x100.png 100w, https:\/\/i7digital.net\/wp-content\/uploads\/2025\/07\/NOSOTROS.IMG_-1.png 1080w\" sizes=\"(max-width: 1024px) 100vw, 1024px\" \/>\t\t\t\t\t\t\t\t\t\t\t\t\t\t\t<\/div>\n\t\t\t\t<\/div>\n\t\t\t\t\t<\/div>\n\t\t<\/div>\n\t\t\t\t<div class=\"elementor-column elementor-col-50 elementor-top-column elementor-element elementor-element-451210d2\" data-id=\"451210d2\" data-element_type=\"column\">\n\t\t\t<div class=\"elementor-widget-wrap elementor-element-populated\">\n\t\t\t\t\t\t<div class=\"elementor-element elementor-element-5612bee3 de_scroll_animation_no elementor-invisible elementor-widget elementor-widget-heading\" data-id=\"5612bee3\" data-element_type=\"widget\" data-settings=\"{&quot;_animation&quot;:&quot;fadeInUp&quot;,&quot;_animation_delay&quot;:200}\" data-widget_type=\"heading.default\">\n\t\t\t\t<div class=\"elementor-widget-container\">\n\t\t\t\t\t<h2 class=\"elementor-heading-title elementor-size-default\">Sobre la Agencia<\/h2>\t\t\t\t<\/div>\n\t\t\t\t<\/div>\n\t\t\t\t<div class=\"elementor-element elementor-element-a6a9643 elementor-widget__width-initial de_scroll_animation_no elementor-invisible elementor-widget elementor-widget-text-editor\" data-id=\"a6a9643\" data-element_type=\"widget\" data-settings=\"{&quot;_animation&quot;:&quot;fadeInUp&quot;,&quot;_animation_delay&quot;:400}\" data-widget_type=\"text-editor.default\">\n\t\t\t\t<div class=\"elementor-widget-container\">\n\t\t\t\t\t\t\t\t\t<p>En <strong>i7 Digital<\/strong>\u00a0ayudamos a emprendedores y PYMEs a jugar en grande, sin f\u00f3rmulas vac\u00edas ni promesas de humo. Empezamos por lo esencial: entender a qui\u00e9n le hablas y qu\u00e9 lo mueve. Solo as\u00ed es posible construir algo que valga la pena.<\/p>\t\t\t\t\t\t\t\t<\/div>\n\t\t\t\t<\/div>\n\t\t\t\t<div class=\"elementor-element elementor-element-cade7a3 elementor-widget__width-initial de_scroll_animation_no elementor-invisible elementor-widget elementor-widget-text-editor\" data-id=\"cade7a3\" data-element_type=\"widget\" data-settings=\"{&quot;_animation&quot;:&quot;fadeInUp&quot;,&quot;_animation_delay&quot;:400}\" data-widget_type=\"text-editor.default\">\n\t\t\t\t<div class=\"elementor-widget-container\">\n\t\t\t\t\t\t\t\t\t<p>Desciframos los comportamientos digitales, transformamos insights en estrategias claras que generan conexiones reales. Mientras otros se pierden en t\u00e1cticas, nosotros construimos puentes entre tu marca y quienes de verdad la necesitan.<\/p>\t\t\t\t\t\t\t\t<\/div>\n\t\t\t\t<\/div>\n\t\t\t\t<div class=\"elementor-element elementor-element-56b768f elementor-widget__width-initial de_scroll_animation_no elementor-invisible elementor-widget elementor-widget-text-editor\" data-id=\"56b768f\" data-element_type=\"widget\" data-settings=\"{&quot;_animation&quot;:&quot;fadeInUp&quot;,&quot;_animation_delay&quot;:400}\" data-widget_type=\"text-editor.default\">\n\t\t\t\t<div class=\"elementor-widget-container\">\n\t\t\t\t\t\t\t\t\t<p>Esto no es una agencia cualquiera. Es un espacio donde la estrategia se siente cercana, honesta y con impacto real.<\/p>\t\t\t\t\t\t\t\t<\/div>\n\t\t\t\t<\/div>\n\t\t\t\t<div class=\"elementor-element elementor-element-2e44769 elementor-tablet-align-center de_scroll_animation_no elementor-invisible elementor-widget elementor-widget-button\" data-id=\"2e44769\" data-element_type=\"widget\" data-settings=\"{&quot;_animation&quot;:&quot;fadeInUp&quot;,&quot;_animation_delay&quot;:800}\" data-widget_type=\"button.default\">\n\t\t\t\t<div class=\"elementor-widget-container\">\n\t\t\t\t\t\t\t\t\t<div class=\"elementor-button-wrapper\">\n\t\t\t\t\t<a class=\"elementor-button elementor-button-link elementor-size-sm elementor-animation-grow\" href=\"https:\/\/i7digital.net\/index.php\/contacto\/\">\n\t\t\t\t\t\t<span class=\"elementor-button-content-wrapper\">\n\t\t\t\t\t\t<span class=\"elementor-button-icon\">\n\t\t\t\t<i aria-hidden=\"true\" class=\"icon icon-right-arrow\"><\/i>\t\t\t<\/span>\n\t\t\t\t\t\t\t\t\t<span class=\"elementor-button-text\">Cont\u00e1ctanos<\/span>\n\t\t\t\t\t<\/span>\n\t\t\t\t\t<\/a>\n\t\t\t\t<\/div>\n\t\t\t\t\t\t\t\t<\/div>\n\t\t\t\t<\/div>\n\t\t\t\t\t<\/div>\n\t\t<\/div>\n\t\t\t\t\t<\/div>\n\t\t<\/section>\n\t\t<div class=\"elementor-element elementor-element-53b7b68b e-flex e-con-boxed e-con e-parent\" data-id=\"53b7b68b\" data-element_type=\"container\">\n\t\t\t\t\t<div class=\"e-con-inner\">\n\t\t\t\t<div class=\"elementor-element elementor-element-38643854 de_scroll_animation_no elementor-invisible elementor-widget elementor-widget-heading\" data-id=\"38643854\" data-element_type=\"widget\" data-settings=\"{&quot;_animation&quot;:&quot;fadeInUp&quot;,&quot;_animation_delay&quot;:200}\" data-widget_type=\"heading.default\">\n\t\t\t\t<div class=\"elementor-widget-container\">\n\t\t\t\t\t<h2 class=\"elementor-heading-title elementor-size-default\">Sobre Nosotros<\/h2>\t\t\t\t<\/div>\n\t\t\t\t<\/div>\n\t\t\t\t<div class=\"elementor-element elementor-element-62a309e4 de_scroll_animation_no elementor-invisible elementor-widget elementor-widget-text-editor\" data-id=\"62a309e4\" data-element_type=\"widget\" data-settings=\"{&quot;_animation&quot;:&quot;fadeInUp&quot;,&quot;_animation_delay&quot;:400}\" data-widget_type=\"text-editor.default\">\n\t\t\t\t<div class=\"elementor-widget-container\">\n\t\t\t\t\t\t\t\t\t<p>Nos esforzamos por superar las expectativas, generando un impacto significativo en la visibilidad y el alcance de las marcas. Trabajamos en estrecha colaboraci\u00f3n con nuestros clientes, construyendo relaciones de confianza y obteniendo resultados medibles. Nuestra pasi\u00f3n es ayudar a las marcas a destacarse en un mercado cada vez m\u00e1s competitivo, utilizando estrategias efectivas y manteni\u00e9ndonos a la vanguardia de las \u00faltimas tendencias del marketing digital.<\/p>\t\t\t\t\t\t\t\t<\/div>\n\t\t\t\t<\/div>\n\t\t\t\t<div class=\"elementor-element elementor-element-d531946 de_scroll_animation_no elementor-widget elementor-widget-image\" data-id=\"d531946\" data-element_type=\"widget\" data-widget_type=\"image.default\">\n\t\t\t\t<div class=\"elementor-widget-container\">\n\t\t\t\t\t\t\t\t\t\t\t\t\t\t\t<img decoding=\"async\" width=\"1024\" height=\"490\" src=\"https:\/\/i7digital.net\/wp-content\/uploads\/2025\/07\/students-with-speech-bubbles-and-gadgets-2024-10-22-04-15-57-utc-scaled-e1752093187349-1024x490.jpg\" class=\"attachment-large size-large wp-image-1093\" alt=\"\" srcset=\"https:\/\/i7digital.net\/wp-content\/uploads\/2025\/07\/students-with-speech-bubbles-and-gadgets-2024-10-22-04-15-57-utc-scaled-e1752093187349-1024x490.jpg 1024w, https:\/\/i7digital.net\/wp-content\/uploads\/2025\/07\/students-with-speech-bubbles-and-gadgets-2024-10-22-04-15-57-utc-scaled-e1752093187349-300x144.jpg 300w, https:\/\/i7digital.net\/wp-content\/uploads\/2025\/07\/students-with-speech-bubbles-and-gadgets-2024-10-22-04-15-57-utc-scaled-e1752093187349-768x368.jpg 768w, https:\/\/i7digital.net\/wp-content\/uploads\/2025\/07\/students-with-speech-bubbles-and-gadgets-2024-10-22-04-15-57-utc-scaled-e1752093187349-1536x735.jpg 1536w, https:\/\/i7digital.net\/wp-content\/uploads\/2025\/07\/students-with-speech-bubbles-and-gadgets-2024-10-22-04-15-57-utc-scaled-e1752093187349-2048x980.jpg 2048w, https:\/\/i7digital.net\/wp-content\/uploads\/2025\/07\/students-with-speech-bubbles-and-gadgets-2024-10-22-04-15-57-utc-scaled-e1752093187349-600x287.jpg 600w\" sizes=\"(max-width: 1024px) 100vw, 1024px\" \/>\t\t\t\t\t\t\t\t\t\t\t\t\t\t\t<\/div>\n\t\t\t\t<\/div>\n\t\t\t\t\t<\/div>\n\t\t\t\t<\/div>\n\t\t\t\t<section class=\"elementor-section elementor-top-section elementor-element elementor-element-e8e9e36 elementor-reverse-mobile elementor-reverse-tablet elementor-section-boxed elementor-section-height-default elementor-section-height-default\" data-id=\"e8e9e36\" data-element_type=\"section\" data-settings=\"{&quot;background_background&quot;:&quot;classic&quot;}\">\n\t\t\t\t\t\t<div class=\"elementor-container elementor-column-gap-default\">\n\t\t\t\t\t<div class=\"elementor-column elementor-col-50 elementor-top-column elementor-element elementor-element-cb1cc25\" data-id=\"cb1cc25\" data-element_type=\"column\">\n\t\t\t<div class=\"elementor-widget-wrap elementor-element-populated\">\n\t\t\t\t\t\t<div class=\"elementor-element elementor-element-9ba5b72 de_scroll_animation_no elementor-invisible elementor-widget elementor-widget-heading\" data-id=\"9ba5b72\" data-element_type=\"widget\" data-settings=\"{&quot;_animation&quot;:&quot;fadeInUp&quot;,&quot;_animation_delay&quot;:200}\" data-widget_type=\"heading.default\">\n\t\t\t\t<div class=\"elementor-widget-container\">\n\t\t\t\t\t<h2 class=\"elementor-heading-title elementor-size-default\">Nuestra Misi\u00f3n<\/h2>\t\t\t\t<\/div>\n\t\t\t\t<\/div>\n\t\t\t\t<div class=\"elementor-element elementor-element-2ea820f elementor-widget__width-initial de_scroll_animation_no elementor-invisible elementor-widget elementor-widget-text-editor\" data-id=\"2ea820f\" data-element_type=\"widget\" data-settings=\"{&quot;_animation&quot;:&quot;fadeInUp&quot;,&quot;_animation_delay&quot;:400}\" data-widget_type=\"text-editor.default\">\n\t\t\t\t<div class=\"elementor-widget-container\">\n\t\t\t\t\t\t\t\t\t<p>Impulsar tu negocio hacia nuevas alturas. Ya sea que est\u00e9s buscando aumentar tus ventas, fortalecer tu presencia en redes sociales o mejorar tu posicionamiento en motores de b\u00fasqueda, estamos aqu\u00ed para ayudarte a lograr tus objetivos y superar tus expectativas.<\/p>\t\t\t\t\t\t\t\t<\/div>\n\t\t\t\t<\/div>\n\t\t\t\t<div class=\"elementor-element elementor-element-60f6e1b de_scroll_animation_no elementor-invisible elementor-widget elementor-widget-heading\" data-id=\"60f6e1b\" data-element_type=\"widget\" data-settings=\"{&quot;_animation&quot;:&quot;fadeInUp&quot;,&quot;_animation_delay&quot;:200}\" data-widget_type=\"heading.default\">\n\t\t\t\t<div class=\"elementor-widget-container\">\n\t\t\t\t\t<h2 class=\"elementor-heading-title elementor-size-default\">Nuestra Pasi\u00f3n<\/h2>\t\t\t\t<\/div>\n\t\t\t\t<\/div>\n\t\t\t\t<div class=\"elementor-element elementor-element-3a1f2a3 elementor-widget__width-initial de_scroll_animation_no elementor-invisible elementor-widget elementor-widget-text-editor\" data-id=\"3a1f2a3\" data-element_type=\"widget\" data-settings=\"{&quot;_animation&quot;:&quot;fadeInUp&quot;,&quot;_animation_delay&quot;:400}\" data-widget_type=\"text-editor.default\">\n\t\t\t\t<div class=\"elementor-widget-container\">\n\t\t\t\t\t\t\t\t\t<p>Estamos apasionados por el poder del marketing digital para transformar negocios. Creemos que cada marca tiene una historia \u00fanica que contar, y estamos comprometidos a ayudarte a contar la tuya de la manera m\u00e1s efectiva y convincente posible.<\/p>\t\t\t\t\t\t\t\t<\/div>\n\t\t\t\t<\/div>\n\t\t\t\t<div class=\"elementor-element elementor-element-7ce8ed8 elementor-tablet-align-center de_scroll_animation_no elementor-invisible elementor-widget elementor-widget-button\" data-id=\"7ce8ed8\" data-element_type=\"widget\" data-settings=\"{&quot;_animation&quot;:&quot;fadeInUp&quot;,&quot;_animation_delay&quot;:800}\" data-widget_type=\"button.default\">\n\t\t\t\t<div class=\"elementor-widget-container\">\n\t\t\t\t\t\t\t\t\t<div class=\"elementor-button-wrapper\">\n\t\t\t\t\t<a class=\"elementor-button elementor-button-link elementor-size-sm elementor-animation-grow\" href=\"https:\/\/i7digital.net\/index.php\/contacto\/\">\n\t\t\t\t\t\t<span class=\"elementor-button-content-wrapper\">\n\t\t\t\t\t\t<span class=\"elementor-button-icon\">\n\t\t\t\t<i aria-hidden=\"true\" class=\"icon icon-right-arrow\"><\/i>\t\t\t<\/span>\n\t\t\t\t\t\t\t\t\t<span class=\"elementor-button-text\">Cont\u00e1ctanos<\/span>\n\t\t\t\t\t<\/span>\n\t\t\t\t\t<\/a>\n\t\t\t\t<\/div>\n\t\t\t\t\t\t\t\t<\/div>\n\t\t\t\t<\/div>\n\t\t\t\t\t<\/div>\n\t\t<\/div>\n\t\t\t\t<div class=\"elementor-column elementor-col-50 elementor-top-column elementor-element elementor-element-253dcaf\" data-id=\"253dcaf\" data-element_type=\"column\" data-settings=\"{&quot;background_background&quot;:&quot;classic&quot;}\">\n\t\t\t<div class=\"elementor-widget-wrap elementor-element-populated\">\n\t\t\t\t\t\t<div class=\"elementor-element elementor-element-c5a9961 de_scroll_animation_no elementor-widget elementor-widget-image\" data-id=\"c5a9961\" data-element_type=\"widget\" data-widget_type=\"image.default\">\n\t\t\t\t<div class=\"elementor-widget-container\">\n\t\t\t\t\t\t\t\t\t\t\t\t\t\t\t<img loading=\"lazy\" decoding=\"async\" width=\"1024\" height=\"1024\" src=\"https:\/\/i7digital.net\/wp-content\/uploads\/2025\/07\/NOSOTROS4.IMG_-1024x1024.png\" class=\"attachment-large size-large wp-image-1528\" alt=\"\" srcset=\"https:\/\/i7digital.net\/wp-content\/uploads\/2025\/07\/NOSOTROS4.IMG_-1024x1024.png 1024w, https:\/\/i7digital.net\/wp-content\/uploads\/2025\/07\/NOSOTROS4.IMG_-300x300.png 300w, https:\/\/i7digital.net\/wp-content\/uploads\/2025\/07\/NOSOTROS4.IMG_-150x150.png 150w, https:\/\/i7digital.net\/wp-content\/uploads\/2025\/07\/NOSOTROS4.IMG_-768x768.png 768w, https:\/\/i7digital.net\/wp-content\/uploads\/2025\/07\/NOSOTROS4.IMG_-600x600.png 600w, https:\/\/i7digital.net\/wp-content\/uploads\/2025\/07\/NOSOTROS4.IMG_-100x100.png 100w, https:\/\/i7digital.net\/wp-content\/uploads\/2025\/07\/NOSOTROS4.IMG_.png 1080w\" sizes=\"(max-width: 1024px) 100vw, 1024px\" \/>\t\t\t\t\t\t\t\t\t\t\t\t\t\t\t<\/div>\n\t\t\t\t<\/div>\n\t\t\t\t\t<\/div>\n\t\t<\/div>\n\t\t\t\t\t<\/div>\n\t\t<\/section>\n\t\t\t\t<\/div>\n\t\t","protected":false},"excerpt":{"rendered":"<p>i7 Digital En cada proyecto, no buscamos impresionar. Buscamos construir. Relaciones con visi\u00f3n, trabajo con prop\u00f3sito y resultados que hablan [&hellip;]<\/p>\n","protected":false},"author":1,"featured_media":0,"parent":0,"menu_order":0,"comment_status":"closed","ping_status":"closed","template":"elementor_header_footer","meta":{"site-sidebar-layout":"default","site-content-layout":"","ast-site-content-layout":"default","site-content-style":"default","site-sidebar-style":"default","ast-global-header-display":"","ast-banner-title-visibility":"","ast-main-header-display":"","ast-hfb-above-header-display":"","ast-hfb-below-header-display":"","ast-hfb-mobile-header-display":"","site-post-title":"","ast-breadcrumbs-content":"","ast-featured-img":"","footer-sml-layout":"","theme-transparent-header-meta":"","adv-header-id-meta":"","stick-header-meta":"","header-above-stick-meta":"","header-main-stick-meta":"","header-below-stick-meta":"","astra-migrate-meta-layouts":"default","ast-page-background-enabled":"default","ast-page-background-meta":{"desktop":{"background-color":"var(--ast-global-color-4)","background-image":"","background-repeat":"repeat","background-position":"center center","background-size":"auto","background-attachment":"scroll","background-type":"","background-media":"","overlay-type":"","overlay-color":"","overlay-opacity":"","overlay-gradient":""},"tablet":{"background-color":"","background-image":"","background-repeat":"repeat","background-position":"center center","background-size":"auto","background-attachment":"scroll","background-type":"","background-media":"","overlay-type":"","overlay-color":"","overlay-opacity":"","overlay-gradient":""},"mobile":{"background-color":"","background-image":"","background-repeat":"repeat","background-position":"center center","background-size":"auto","background-attachment":"scroll","background-type":"","background-media":"","overlay-type":"","overlay-color":"","overlay-opacity":"","overlay-gradient":""}},"ast-content-background-meta":{"desktop":{"background-color":"var(--ast-global-color-5)","background-image":"","background-repeat":"repeat","background-position":"center center","background-size":"auto","background-attachment":"scroll","background-type":"","background-media":"","overlay-type":"","overlay-color":"","overlay-opacity":"","overlay-gradient":""},"tablet":{"background-color":"var(--ast-global-color-5)","background-image":"","background-repeat":"repeat","background-position":"center center","background-size":"auto","background-attachment":"scroll","background-type":"","background-media":"","overlay-type":"","overlay-color":"","overlay-opacity":"","overlay-gradient":""},"mobile":{"background-color":"var(--ast-global-color-5)","background-image":"","background-repeat":"repeat","background-position":"center center","background-size":"auto","background-attachment":"scroll","background-type":"","background-media":"","overlay-type":"","overlay-color":"","overlay-opacity":"","overlay-gradient":""}},"footnotes":""},"class_list":["post-179","page","type-page","status-publish","hentry"],"_links":{"self":[{"href":"https:\/\/i7digital.net\/index.php\/wp-json\/wp\/v2\/pages\/179","targetHints":{"allow":["GET"]}}],"collection":[{"href":"https:\/\/i7digital.net\/index.php\/wp-json\/wp\/v2\/pages"}],"about":[{"href":"https:\/\/i7digital.net\/index.php\/wp-json\/wp\/v2\/types\/page"}],"author":[{"embeddable":true,"href":"https:\/\/i7digital.net\/index.php\/wp-json\/wp\/v2\/users\/1"}],"replies":[{"embeddable":true,"href":"https:\/\/i7digital.net\/index.php\/wp-json\/wp\/v2\/comments?post=179"}],"version-history":[{"count":151,"href":"https:\/\/i7digital.net\/index.php\/wp-json\/wp\/v2\/pages\/179\/revisions"}],"predecessor-version":[{"id":1612,"href":"https:\/\/i7digital.net\/index.php\/wp-json\/wp\/v2\/pages\/179\/revisions\/1612"}],"wp:attachment":[{"href":"https:\/\/i7digital.net\/index.php\/wp-json\/wp\/v2\/media?parent=179"}],"curies":[{"name":"wp","href":"https:\/\/api.w.org\/{rel}","templated":true}]}}